{"id":964,"date":"2025-04-29T06:31:46","date_gmt":"2025-04-29T06:31:46","guid":{"rendered":"https:\/\/veronikavanitseva24.thkit.ee\/wp\/?page_id=964"},"modified":"2025-04-29T06:31:47","modified_gmt":"2025-04-29T06:31:47","slug":"robootika","status":"publish","type":"page","link":"https:\/\/veronikavanitseva24.thkit.ee\/wp\/robootika\/","title":{"rendered":"Robootika"},"content":{"rendered":"\n<figure class=\"wp-block-image size-full\"><img fetchpriority=\"high\" decoding=\"async\" width=\"1024\" height=\"575\" src=\"https:\/\/veronikavanitseva24.thkit.ee\/wp\/wp-content\/uploads\/2025\/04\/image-7.png\" alt=\"\" class=\"wp-image-965\" srcset=\"https:\/\/veronikavanitseva24.thkit.ee\/wp\/wp-content\/uploads\/2025\/04\/image-7.png 1024w, https:\/\/veronikavanitseva24.thkit.ee\/wp\/wp-content\/uploads\/2025\/04\/image-7-300x168.png 300w, https:\/\/veronikavanitseva24.thkit.ee\/wp\/wp-content\/uploads\/2025\/04\/image-7-768x431.png 768w, https:\/\/veronikavanitseva24.thkit.ee\/wp\/wp-content\/uploads\/2025\/04\/image-7-600x337.png 600w\" sizes=\"(max-width: 1024px) 100vw, 1024px\" \/><\/figure>\n\n\n\n<p><strong>Robootika<\/strong> on interdistsiplinaarne \u00f5ppeaine, mis tegeleb robotite kavandamise, ehitamise, programmeerimise ja kasutamisega. See \u00fchendab teadmisi mehaanikast, elektroonikast, informaatikast ja automaatikast. Robootika tundides \u00f5pivad \u00f5pilased, kuidas t\u00f6\u00f6tavad andurid, mootorid ja mikrokontrollerid ning kuidas ehitada ja programmeerida roboteid erinevateks \u00fclesanneteks.<\/p>\n","protected":false},"excerpt":{"rendered":"<p>Robootika on interdistsiplinaarne \u00f5ppeaine, mis tegeleb robotite kavandamise, ehitamise, programmeerimise ja kasutamisega. See \u00fchendab teadmisi mehaanikast, elektroonikast, informaatikast ja automaatikast. Robootika tundides \u00f5pivad \u00f5pilased, kuidas t\u00f6\u00f6tavad andurid, mootorid ja mikrokontrollerid ning kuidas ehitada ja programmeerida roboteid erinevateks \u00fclesanneteks.<\/p>\n","protected":false},"author":1,"featured_media":0,"parent":0,"menu_order":0,"comment_status":"closed","ping_status":"closed","template":"","meta":{"footnotes":""},"class_list":["post-964","page","type-page","status-publish","hentry","entry"],"yoast_head":"<!-- This site is optimized with the Yoast SEO plugin v27.3 - https:\/\/yoast.com\/product\/yoast-seo-wordpress\/ -->\n<title>Robootika - Veronika Portfoolio<\/title>\n<meta name=\"robots\" content=\"index, follow, max-snippet:-1, max-image-preview:large, max-video-preview:-1\" \/>\n<link rel=\"canonical\" href=\"https:\/\/veronikavanitseva24.thkit.ee\/wp\/robootika\/\" \/>\n<meta property=\"og:locale\" content=\"et_EE\" \/>\n<meta property=\"og:type\" content=\"article\" \/>\n<meta property=\"og:title\" content=\"Robootika - Veronika Portfoolio\" \/>\n<meta property=\"og:description\" content=\"Robootika on interdistsiplinaarne \u00f5ppeaine, mis tegeleb robotite kavandamise, ehitamise, programmeerimise ja kasutamisega. See \u00fchendab teadmisi mehaanikast, elektroonikast, informaatikast ja automaatikast. Robootika tundides \u00f5pivad \u00f5pilased, kuidas t\u00f6\u00f6tavad andurid, mootorid ja mikrokontrollerid ning kuidas ehitada ja programmeerida roboteid erinevateks \u00fclesanneteks.\" \/>\n<meta property=\"og:url\" content=\"https:\/\/veronikavanitseva24.thkit.ee\/wp\/robootika\/\" \/>\n<meta property=\"og:site_name\" content=\"Veronika Portfoolio\" \/>\n<meta property=\"article:modified_time\" content=\"2025-04-29T06:31:47+00:00\" \/>\n<meta property=\"og:image\" content=\"https:\/\/veronikavanitseva24.thkit.ee\/wp\/wp-content\/uploads\/2025\/04\/image-7.png\" \/>\n\t<meta property=\"og:image:width\" content=\"1024\" \/>\n\t<meta property=\"og:image:height\" content=\"575\" \/>\n\t<meta property=\"og:image:type\" content=\"image\/png\" \/>\n<meta name=\"twitter:card\" content=\"summary_large_image\" \/>\n<meta name=\"twitter:label1\" content=\"Est. reading time\" \/>\n\t<meta name=\"twitter:data1\" content=\"1 minut\" \/>\n<script type=\"application\/ld+json\" class=\"yoast-schema-graph\">{\"@context\":\"https:\\\/\\\/schema.org\",\"@graph\":[{\"@type\":\"WebPage\",\"@id\":\"https:\\\/\\\/veronikavanitseva24.thkit.ee\\\/wp\\\/robootika\\\/\",\"url\":\"https:\\\/\\\/veronikavanitseva24.thkit.ee\\\/wp\\\/robootika\\\/\",\"name\":\"Robootika - Veronika Portfoolio\",\"isPartOf\":{\"@id\":\"https:\\\/\\\/veronikavanitseva24.thkit.ee\\\/wp\\\/#website\"},\"primaryImageOfPage\":{\"@id\":\"https:\\\/\\\/veronikavanitseva24.thkit.ee\\\/wp\\\/robootika\\\/#primaryimage\"},\"image\":{\"@id\":\"https:\\\/\\\/veronikavanitseva24.thkit.ee\\\/wp\\\/robootika\\\/#primaryimage\"},\"thumbnailUrl\":\"https:\\\/\\\/veronikavanitseva24.thkit.ee\\\/wp\\\/wp-content\\\/uploads\\\/2025\\\/04\\\/image-7.png\",\"datePublished\":\"2025-04-29T06:31:46+00:00\",\"dateModified\":\"2025-04-29T06:31:47+00:00\",\"breadcrumb\":{\"@id\":\"https:\\\/\\\/veronikavanitseva24.thkit.ee\\\/wp\\\/robootika\\\/#breadcrumb\"},\"inLanguage\":\"et\",\"potentialAction\":[{\"@type\":\"ReadAction\",\"target\":[\"https:\\\/\\\/veronikavanitseva24.thkit.ee\\\/wp\\\/robootika\\\/\"]}]},{\"@type\":\"ImageObject\",\"inLanguage\":\"et\",\"@id\":\"https:\\\/\\\/veronikavanitseva24.thkit.ee\\\/wp\\\/robootika\\\/#primaryimage\",\"url\":\"https:\\\/\\\/veronikavanitseva24.thkit.ee\\\/wp\\\/wp-content\\\/uploads\\\/2025\\\/04\\\/image-7.png\",\"contentUrl\":\"https:\\\/\\\/veronikavanitseva24.thkit.ee\\\/wp\\\/wp-content\\\/uploads\\\/2025\\\/04\\\/image-7.png\",\"width\":1024,\"height\":575},{\"@type\":\"BreadcrumbList\",\"@id\":\"https:\\\/\\\/veronikavanitseva24.thkit.ee\\\/wp\\\/robootika\\\/#breadcrumb\",\"itemListElement\":[{\"@type\":\"ListItem\",\"position\":1,\"name\":\"Home\",\"item\":\"https:\\\/\\\/veronikavanitseva24.thkit.ee\\\/wp\\\/\"},{\"@type\":\"ListItem\",\"position\":2,\"name\":\"Robootika\"}]},{\"@type\":\"WebSite\",\"@id\":\"https:\\\/\\\/veronikavanitseva24.thkit.ee\\\/wp\\\/#website\",\"url\":\"https:\\\/\\\/veronikavanitseva24.thkit.ee\\\/wp\\\/\",\"name\":\"Veronika Portfoolio\",\"description\":\"\",\"publisher\":{\"@id\":\"https:\\\/\\\/veronikavanitseva24.thkit.ee\\\/wp\\\/#organization\"},\"potentialAction\":[{\"@type\":\"SearchAction\",\"target\":{\"@type\":\"EntryPoint\",\"urlTemplate\":\"https:\\\/\\\/veronikavanitseva24.thkit.ee\\\/wp\\\/?s={search_term_string}\"},\"query-input\":{\"@type\":\"PropertyValueSpecification\",\"valueRequired\":true,\"valueName\":\"search_term_string\"}}],\"inLanguage\":\"et\"},{\"@type\":\"Organization\",\"@id\":\"https:\\\/\\\/veronikavanitseva24.thkit.ee\\\/wp\\\/#organization\",\"name\":\"Veronika Portfoolio\",\"url\":\"https:\\\/\\\/veronikavanitseva24.thkit.ee\\\/wp\\\/\",\"logo\":{\"@type\":\"ImageObject\",\"inLanguage\":\"et\",\"@id\":\"https:\\\/\\\/veronikavanitseva24.thkit.ee\\\/wp\\\/#\\\/schema\\\/logo\\\/image\\\/\",\"url\":\"https:\\\/\\\/veronikavanitseva24.thkit.ee\\\/wp\\\/wp-content\\\/uploads\\\/2024\\\/11\\\/cropped-image.png\",\"contentUrl\":\"https:\\\/\\\/veronikavanitseva24.thkit.ee\\\/wp\\\/wp-content\\\/uploads\\\/2024\\\/11\\\/cropped-image.png\",\"width\":1024,\"height\":341,\"caption\":\"Veronika Portfoolio\"},\"image\":{\"@id\":\"https:\\\/\\\/veronikavanitseva24.thkit.ee\\\/wp\\\/#\\\/schema\\\/logo\\\/image\\\/\"}}]}<\/script>\n<!-- \/ Yoast SEO plugin. -->","yoast_head_json":{"title":"Robootika - Veronika Portfoolio","robots":{"index":"index","follow":"follow","max-snippet":"max-snippet:-1","max-image-preview":"max-image-preview:large","max-video-preview":"max-video-preview:-1"},"canonical":"https:\/\/veronikavanitseva24.thkit.ee\/wp\/robootika\/","og_locale":"et_EE","og_type":"article","og_title":"Robootika - Veronika Portfoolio","og_description":"Robootika on interdistsiplinaarne \u00f5ppeaine, mis tegeleb robotite kavandamise, ehitamise, programmeerimise ja kasutamisega. See \u00fchendab teadmisi mehaanikast, elektroonikast, informaatikast ja automaatikast. Robootika tundides \u00f5pivad \u00f5pilased, kuidas t\u00f6\u00f6tavad andurid, mootorid ja mikrokontrollerid ning kuidas ehitada ja programmeerida roboteid erinevateks \u00fclesanneteks.","og_url":"https:\/\/veronikavanitseva24.thkit.ee\/wp\/robootika\/","og_site_name":"Veronika Portfoolio","article_modified_time":"2025-04-29T06:31:47+00:00","og_image":[{"width":1024,"height":575,"url":"https:\/\/veronikavanitseva24.thkit.ee\/wp\/wp-content\/uploads\/2025\/04\/image-7.png","type":"image\/png"}],"twitter_card":"summary_large_image","twitter_misc":{"Est. reading time":"1 minut"},"schema":{"@context":"https:\/\/schema.org","@graph":[{"@type":"WebPage","@id":"https:\/\/veronikavanitseva24.thkit.ee\/wp\/robootika\/","url":"https:\/\/veronikavanitseva24.thkit.ee\/wp\/robootika\/","name":"Robootika - Veronika Portfoolio","isPartOf":{"@id":"https:\/\/veronikavanitseva24.thkit.ee\/wp\/#website"},"primaryImageOfPage":{"@id":"https:\/\/veronikavanitseva24.thkit.ee\/wp\/robootika\/#primaryimage"},"image":{"@id":"https:\/\/veronikavanitseva24.thkit.ee\/wp\/robootika\/#primaryimage"},"thumbnailUrl":"https:\/\/veronikavanitseva24.thkit.ee\/wp\/wp-content\/uploads\/2025\/04\/image-7.png","datePublished":"2025-04-29T06:31:46+00:00","dateModified":"2025-04-29T06:31:47+00:00","breadcrumb":{"@id":"https:\/\/veronikavanitseva24.thkit.ee\/wp\/robootika\/#breadcrumb"},"inLanguage":"et","potentialAction":[{"@type":"ReadAction","target":["https:\/\/veronikavanitseva24.thkit.ee\/wp\/robootika\/"]}]},{"@type":"ImageObject","inLanguage":"et","@id":"https:\/\/veronikavanitseva24.thkit.ee\/wp\/robootika\/#primaryimage","url":"https:\/\/veronikavanitseva24.thkit.ee\/wp\/wp-content\/uploads\/2025\/04\/image-7.png","contentUrl":"https:\/\/veronikavanitseva24.thkit.ee\/wp\/wp-content\/uploads\/2025\/04\/image-7.png","width":1024,"height":575},{"@type":"BreadcrumbList","@id":"https:\/\/veronikavanitseva24.thkit.ee\/wp\/robootika\/#breadcrumb","itemListElement":[{"@type":"ListItem","position":1,"name":"Home","item":"https:\/\/veronikavanitseva24.thkit.ee\/wp\/"},{"@type":"ListItem","position":2,"name":"Robootika"}]},{"@type":"WebSite","@id":"https:\/\/veronikavanitseva24.thkit.ee\/wp\/#website","url":"https:\/\/veronikavanitseva24.thkit.ee\/wp\/","name":"Veronika Portfoolio","description":"","publisher":{"@id":"https:\/\/veronikavanitseva24.thkit.ee\/wp\/#organization"},"potentialAction":[{"@type":"SearchAction","target":{"@type":"EntryPoint","urlTemplate":"https:\/\/veronikavanitseva24.thkit.ee\/wp\/?s={search_term_string}"},"query-input":{"@type":"PropertyValueSpecification","valueRequired":true,"valueName":"search_term_string"}}],"inLanguage":"et"},{"@type":"Organization","@id":"https:\/\/veronikavanitseva24.thkit.ee\/wp\/#organization","name":"Veronika Portfoolio","url":"https:\/\/veronikavanitseva24.thkit.ee\/wp\/","logo":{"@type":"ImageObject","inLanguage":"et","@id":"https:\/\/veronikavanitseva24.thkit.ee\/wp\/#\/schema\/logo\/image\/","url":"https:\/\/veronikavanitseva24.thkit.ee\/wp\/wp-content\/uploads\/2024\/11\/cropped-image.png","contentUrl":"https:\/\/veronikavanitseva24.thkit.ee\/wp\/wp-content\/uploads\/2024\/11\/cropped-image.png","width":1024,"height":341,"caption":"Veronika Portfoolio"},"image":{"@id":"https:\/\/veronikavanitseva24.thkit.ee\/wp\/#\/schema\/logo\/image\/"}}]}},"_links":{"self":[{"href":"https:\/\/veronikavanitseva24.thkit.ee\/wp\/wp-json\/wp\/v2\/pages\/964","targetHints":{"allow":["GET"]}}],"collection":[{"href":"https:\/\/veronikavanitseva24.thkit.ee\/wp\/wp-json\/wp\/v2\/pages"}],"about":[{"href":"https:\/\/veronikavanitseva24.thkit.ee\/wp\/wp-json\/wp\/v2\/types\/page"}],"author":[{"embeddable":true,"href":"https:\/\/veronikavanitseva24.thkit.ee\/wp\/wp-json\/wp\/v2\/users\/1"}],"replies":[{"embeddable":true,"href":"https:\/\/veronikavanitseva24.thkit.ee\/wp\/wp-json\/wp\/v2\/comments?post=964"}],"version-history":[{"count":1,"href":"https:\/\/veronikavanitseva24.thkit.ee\/wp\/wp-json\/wp\/v2\/pages\/964\/revisions"}],"predecessor-version":[{"id":967,"href":"https:\/\/veronikavanitseva24.thkit.ee\/wp\/wp-json\/wp\/v2\/pages\/964\/revisions\/967"}],"wp:attachment":[{"href":"https:\/\/veronikavanitseva24.thkit.ee\/wp\/wp-json\/wp\/v2\/media?parent=964"}],"curies":[{"name":"wp","href":"https:\/\/api.w.org\/{rel}","templated":true}]}}