{"id":165,"date":"2024-11-13T08:52:05","date_gmt":"2024-11-13T06:52:05","guid":{"rendered":"https:\/\/veronikav1999.wordpress.com\/?page_id=165"},"modified":"2025-03-23T14:08:07","modified_gmt":"2025-03-23T14:08:07","slug":"tarkvaraarendus","status":"publish","type":"page","link":"https:\/\/veronikavanitseva24.thkit.ee\/wp\/tarkvaraarendus\/","title":{"rendered":"Tarkvaraarendus"},"content":{"rendered":"\t\t<div data-elementor-type=\"wp-page\" data-elementor-id=\"165\" class=\"elementor elementor-165\">\n\t\t\t\t<div class=\"elementor-element elementor-element-28cbb81f e-flex e-con-boxed e-con e-parent\" data-id=\"28cbb81f\" data-element_type=\"container\" data-e-type=\"container\">\n\t\t\t\t\t<div class=\"e-con-inner\">\n\t\t\t\t<div class=\"elementor-element elementor-element-109aab0 elementor-invisible elementor-widget elementor-widget-text-editor\" data-id=\"109aab0\" data-element_type=\"widget\" data-e-type=\"widget\" data-settings=\"{&quot;_animation&quot;:&quot;fadeInLeft&quot;}\" data-widget_type=\"text-editor.default\">\n\t\t\t\t<div class=\"elementor-widget-container\">\n\t\t\t\t\t\t\t\t\t\n<figure class=\"wp-block-image size-full\"><img fetchpriority=\"high\" decoding=\"async\" width=\"1024\" height=\"682\" class=\"wp-image-510\" src=\"https:\/\/veronikavanitseva24.thkit.ee\/wp\/wp-content\/uploads\/2025\/03\/image-13.png\" alt=\"\" srcset=\"https:\/\/veronikavanitseva24.thkit.ee\/wp\/wp-content\/uploads\/2025\/03\/image-13.png 1024w, https:\/\/veronikavanitseva24.thkit.ee\/wp\/wp-content\/uploads\/2025\/03\/image-13-300x200.png 300w, https:\/\/veronikavanitseva24.thkit.ee\/wp\/wp-content\/uploads\/2025\/03\/image-13-768x512.png 768w, https:\/\/veronikavanitseva24.thkit.ee\/wp\/wp-content\/uploads\/2025\/03\/image-13-600x400.png 600w\" sizes=\"(max-width: 1024px) 100vw, 1024px\" \/><\/figure>\n\n<p>Tarkvaraarendus \u2013 \u0440\u0430\u0437\u0440\u0430\u0431\u043e\u0442\u043a\u0430\/\u0440\u0430\u0437\u0432\u0438\u0442\u0438\u0435 \u041f\u041e<\/p>\n\n<p><strong>Andmet\u00f6\u00f6tlus<\/strong>\u00a0\u2013 \u043e\u0431\u0440\u0430\u0431\u043e\u0442\u043a\u0430 \u0434\u0430\u043d\u043d\u044b\u0445 \u2013 \u0440\u0430\u0431\u043e\u0442\u0430 \u0441 \u0434\u0430\u043d\u043d\u044b\u043c\u0438 \u043f\u0440\u0438 \u043f\u043e\u043c\u043e\u0449\u0438 \u043a\u043e\u043c\u043f\u044c\u044e\u0442\u0435\u0440\u0430 \u0438 \u043f\u0435\u0440\u0435\u0432\u043e\u0434 \u0434\u0430\u043d\u043d\u044b\u0445 \u0432 \u0444\u043e\u0440\u043c\u0443 \u043f\u043e\u043d\u044f\u0442\u043d\u0443\u044e \u043a\u043e\u043c\u043f\u044c\u044e\u0442\u0435\u0440\u0443.<br \/><strong>Andmet\u00f6\u00f6tluss\u00fcsteem<\/strong>\u00a0\u2013 \u0441\u0438\u0441\u0442\u0435\u043c\u0430 \u043e\u0431\u0440\u0430\u0431\u043e\u0442\u043a\u0438 \u0434\u0430\u043d\u043d\u044b\u0445 \u2013 \u043f\u0435\u0440\u0441\u043e\u043d\u0430\u043b + \u043a\u043e\u043c\u043f\u044c\u044e\u0442\u0435\u0440 + \u041f\u041e \u2013 \u044d\u0442\u043e \u0441\u0438\u0441\u0442\u0435\u043c\u0430 \u043f\u043e \u043e\u0431\u0440\u0430\u0431\u043e\u0442\u043a\u0435 \u0432\u0445\u043e\u0434\u043d\u044b\u0445 \u0434\u0430\u043d\u043d\u044b\u0445 \u0440\u0430\u0437\u043b\u0438\u0447\u043d\u044b\u043c\u0438 \u043c\u0430\u0442\u0435\u043c\u0430\u0442\u0438\u0447\u0435\u0441\u043a\u0438\u043c\u0438 \u043e\u043f\u0435\u0440\u0430\u0446\u0438\u044f\u043c\u0438 \u0441 \u0446\u0435\u043b\u044c\u044e \u0441\u0434\u0435\u043b\u0430\u0442\u044c \u0438\u0437 \u043f\u043e\u043d\u044f\u0442\u043d\u044b\u043c\u0438 \u0434\u043b\u044f \u043a\u043e\u043c\u043f\u044c\u044e\u0442\u0435\u0440\u0430.<br \/><strong>Tarkvara \u2013 TA<\/strong>\u00a0= \u041f\u0440\u043e\u0433\u0440\u0430\u043c\u043c\u043d\u043e\u0435 \u043e\u0431\u0435\u0441\u043f\u0435\u0447\u0435\u043d\u0438\u0435 \u2013 \u041f\u041e<br \/><strong>Riistvara \u2013 \u0416\u0435\u043b\u0435\u0437\u043e<\/strong>\u00a0\u2013 \u0410\u043f\u043f\u0430\u0440\u0430\u0442\u043d\u043e\u0435 \u043e\u0431\u0435\u0441\u043f\u0435\u0447\u0435\u043d\u0438\u0435 \u043a\u043e\u043c\u043f\u044c\u044e\u0442\u0435\u0440\u0430<br \/><strong>Rakendustarkvara\u00a0<\/strong>\u2013 \u041f\u0440\u0438\u043a\u043b\u0430\u0434\u043d\u043e\u0435 \u041f\u041e \u2013 \u043f\u0440\u0438\u043c\u0435\u0440 \u2013 kontoritarkvara, andmebaasid, multimeedia programmid, CAD-programmid, Arendusprogrammid jne.<br \/><strong>S\u00fcsteemne tarkvara<\/strong>\u00a0\u2013 \u0421\u0438\u0441\u0442\u0435\u043c\u043d\u043e\u0435 \u041f\u041e \u2013 Operatsioonis\u00fcsteem, draiverid (nt videodriver), failihaldusprogrammid.<br \/><a href=\"https:\/\/eopearhiiv.edu.ee\/e-kursused\/eucip\/arendus\/terminite_kontroll1.html\" target=\"_blank\" rel=\"noreferrer noopener\">Kontrolli terminid<\/a>\u00a0\/\u00a0<a href=\"https:\/\/eopearhiiv.edu.ee\/e-kursused\/eucip\/arendus_vk\/__2.html\">vene keeles<\/a><\/p>\n\n<p>pilt \u00f5igete vastustega<\/p>\n\n<h2 id=\"ta-elutsukkel-\u0436\u0438\u0437\u043d\u0435\u043d\u043d\u044b\u0439-\u0446\u0438\u043a\u043b-\u043f\u043e\" class=\"wp-block-heading\">TA Eluts\u00fckkel \u2013 \u0416\u0438\u0437\u043d\u0435\u043d\u043d\u044b\u0439 \u0446\u0438\u043a\u043b \u041f\u041e<\/h2>\n\n<p>\u043f\u0440\u043e\u0446\u0435\u0441\u0441, \u0432 \u0440\u0435\u0437\u0443\u043b\u044c\u0442\u0430\u0442\u0435 \u043a\u043e\u0442\u043e\u0440\u043e\u0433\u043e \u0441\u043e\u0437\u0434\u0430\u0435\u0442\u0441\u044f \u043d\u043e\u0432\u0430\u044f \u0438\u043b\u0438 \u0438\u0437\u043c\u0435\u043d\u044f\u0435\u0442\u0441\u044f \u0441\u0442\u0430\u0440\u0430\u044f \u0441\u0438\u0441\u0442\u0435\u043c\u0430 \u041f\u041e.<br \/><strong>\u0424\u0430\u0437\u044b \u0416\u0426\u0418:<\/strong><\/p>\n\n<ul class=\"wp-block-list\">\n<li><strong>Anal\u00fc\u00fcs \/ \u0410\u043d\u0430\u043b\u0438\u0437\u00a0<\/strong>\u2013 \u043f\u0435\u0440\u0432\u044b\u0439 \u044d\u0442\u0430\u043f \u043f\u0440\u0438 \u043b\u044e\u0431\u043e\u0439 \u0440\u0430\u0437\u0440\u0430\u0431\u043e\u0442\u043a\u0435, \u0431\u0435\u0437 \u043d\u0435\u0433\u043e \u043d\u0435\u0432\u043e\u0437\u043c\u043e\u0436\u043d\u043e \u043f\u0435\u0440\u0435\u0439\u0442\u0438 \u043d\u0430 \u0441\u043b\u0435\u0434 \u0444\u0430\u0437\u044b.<\/li>\n<\/ul>\n\n<ul class=\"wp-block-list\">\n<li><strong>Projekteerimine<\/strong>\/kavandamine \u2013 \u043f\u0440\u043e\u0435\u043a\u0442\u0438\u0440\u043e\u0432\u0430\u043d\u0438\u0435 \/ \u043f\u043b\u0430\u043d\u0438\u0440\u043e\u0432\u0430\u043d\u0438\u0435 \u2013 \u0431\u0443\u0434\u0443\u0449\u0435\u0435 \u041f\u041e \u0434\u043e\u043b\u0436\u043d\u043e \u0441\u043e\u043e\u0442\u0432\u0435\u0442\u0441\u044c\u0432\u043e\u0432\u0430\u0442\u044c \u0441\u0442\u0430\u043d\u0434\u0430\u0440\u0442\u0430\u043c IEEE<\/li>\n\n<li><strong>TEOSTUS\u00a0<\/strong>\/ \u0440\u0435\u0430\u043b\u0438\u0437\u0430\u0446\u0438\u044f \u2013 \u0441\u043e\u0437\u0434\u0430\u043d\u0438\u0435 \u041f\u041e + \u043f\u0440\u043e\u0432\u0435\u0440\u043a\u0430 * \u0432\u0430\u043b\u0438\u0434\u0438\u0440\u043e\u0432\u0430\u043d\u0438\u0435 -\u043f\u0440\u043e\u0432\u0435\u0440\u043a\u0430 \u0434\u043e\u0441\u0442\u043e\u0432\u0435\u0440\u043d\u043e\u0441\u0442\u0438 \u043f\u0435\u0440\u0432\u043e\u043d\u0430\u0447\u0430\u043b\u044c\u043d\u044b\u043c \u0442\u0440\u0435\u0431\u043e\u0432\u0430\u043d\u0438\u044f\u043c.<\/li>\n\n<li><strong>Hooldus\u00a0<\/strong>\/ \u0441\u043e\u043f\u0440\u043e\u0432\u043e\u0436\u0434\u0435\u043d\u0438\u0435 \u2013 \u043f\u043e\u0441\u043b\u0435 \u043f\u0440\u0435\u0434\u0430\u0447\u0438 \u041f\u041e \u043a\u043b\u0438\u0435\u043d\u0442\u0443<\/li>\n<\/ul>\n\n<p><strong>TA protsees<\/strong>: tegevused ja nendega seotud tulemused, mille l\u00e4bi valmistatakse tarkvaraprodukt.<\/p>\n\n<p><em><strong>nimetame need tegevused:<\/strong><\/em><\/p>\n\n<ul class=\"wp-block-list\">\n<li>TA spetsifitseerimine (TA omab spetsifikatsioon -?)<\/li>\n\n<li>TA arendamine<\/li>\n\n<li>TA valideerimine<\/li>\n\n<li>TA muutmine<\/li>\n<\/ul>\n\n<p><strong>TA protsessimudel<\/strong>\u00a0\u2013 lihtsustatud kirjeldus, mis iseloomustab konkreetse vaatenurka protsessile.<\/p>\n\n<p><strong>Mudelid<\/strong>:<\/p>\n\n<ul class=\"wp-block-list\">\n<li>Koskmudel<\/li>\n\n<li>Spiraalmudel<\/li>\n\n<li>Protot\u00fc\u00fcpimine<\/li>\n\n<li>V-mudel<\/li>\n\n<li>Inkrementaalne mudel<\/li>\n\n<li>RAD<\/li>\n\n<li>Agiilne mudel<\/li>\n<\/ul>\n\t\t\t\t\t\t\t\t<\/div>\n\t\t\t\t<\/div>\n\t\t\t\t\t<\/div>\n\t\t\t\t<\/div>\n\t\t\t\t<\/div>\n\t\t","protected":false},"excerpt":{"rendered":"<p>Tarkvaraarendus \u2013 \u0440\u0430\u0437\u0440\u0430\u0431\u043e\u0442\u043a\u0430\/\u0440\u0430\u0437\u0432\u0438\u0442\u0438\u0435 \u041f\u041e Andmet\u00f6\u00f6tlus\u00a0\u2013 \u043e\u0431\u0440\u0430\u0431\u043e\u0442\u043a\u0430 \u0434\u0430\u043d\u043d\u044b\u0445 \u2013 \u0440\u0430\u0431\u043e\u0442\u0430 \u0441 \u0434\u0430\u043d\u043d\u044b\u043c\u0438 \u043f\u0440\u0438 \u043f\u043e\u043c\u043e\u0449\u0438 \u043a\u043e\u043c\u043f\u044c\u044e\u0442\u0435\u0440\u0430 \u0438 \u043f\u0435\u0440\u0435\u0432\u043e\u0434 \u0434\u0430\u043d\u043d\u044b\u0445 \u0432 \u0444\u043e\u0440\u043c\u0443 \u043f\u043e\u043d\u044f\u0442\u043d\u0443\u044e \u043a\u043e\u043c\u043f\u044c\u044e\u0442\u0435\u0440\u0443.Andmet\u00f6\u00f6tluss\u00fcsteem\u00a0\u2013 \u0441\u0438\u0441\u0442\u0435\u043c\u0430 \u043e\u0431\u0440\u0430\u0431\u043e\u0442\u043a\u0438 \u0434\u0430\u043d\u043d\u044b\u0445 \u2013 \u043f\u0435\u0440\u0441\u043e\u043d\u0430\u043b + \u043a\u043e\u043c\u043f\u044c\u044e\u0442\u0435\u0440 + \u041f\u041e \u2013 \u044d\u0442\u043e \u0441\u0438\u0441\u0442\u0435\u043c\u0430 \u043f\u043e \u043e\u0431\u0440\u0430\u0431\u043e\u0442\u043a\u0435 \u0432\u0445\u043e\u0434\u043d\u044b\u0445 \u0434\u0430\u043d\u043d\u044b\u0445 \u0440\u0430\u0437\u043b\u0438\u0447\u043d\u044b\u043c\u0438 \u043c\u0430\u0442\u0435\u043c\u0430\u0442\u0438\u0447\u0435\u0441\u043a\u0438\u043c\u0438 \u043e\u043f\u0435\u0440\u0430\u0446\u0438\u044f\u043c\u0438 \u0441 \u0446\u0435\u043b\u044c\u044e \u0441\u0434\u0435\u043b\u0430\u0442\u044c \u0438\u0437 \u043f\u043e\u043d\u044f\u0442\u043d\u044b\u043c\u0438 \u0434\u043b\u044f \u043a\u043e\u043c\u043f\u044c\u044e\u0442\u0435\u0440\u0430.Tarkvara \u2013 TA\u00a0= \u041f\u0440\u043e\u0433\u0440\u0430\u043c\u043c\u043d\u043e\u0435 \u043e\u0431\u0435\u0441\u043f\u0435\u0447\u0435\u043d\u0438\u0435 \u2013 \u041f\u041eRiistvara \u2013 \u0416\u0435\u043b\u0435\u0437\u043e\u00a0\u2013&hellip; <a class=\"more-link\" href=\"https:\/\/veronikavanitseva24.thkit.ee\/wp\/tarkvaraarendus\/\">Continue reading <span class=\"screen-reader-text\">Tarkvaraarendus<\/span><\/a><\/p>\n","protected":false},"author":1,"featured_media":0,"parent":0,"menu_order":0,"comment_status":"closed","ping_status":"closed","template":"","meta":{"footnotes":""},"class_list":["post-165","page","type-page","status-publish","hentry","entry"],"yoast_head":"<!-- This site is optimized with the Yoast SEO plugin v27.3 - https:\/\/yoast.com\/product\/yoast-seo-wordpress\/ -->\n<title>Tarkvaraarendus - Veronika Portfoolio<\/title>\n<meta name=\"robots\" content=\"index, follow, max-snippet:-1, max-image-preview:large, max-video-preview:-1\" \/>\n<link rel=\"canonical\" href=\"https:\/\/veronikavanitseva24.thkit.ee\/wp\/tarkvaraarendus\/\" \/>\n<meta property=\"og:locale\" content=\"et_EE\" \/>\n<meta property=\"og:type\" content=\"article\" \/>\n<meta property=\"og:title\" content=\"Tarkvaraarendus - Veronika Portfoolio\" \/>\n<meta property=\"og:description\" content=\"Tarkvaraarendus \u2013 \u0440\u0430\u0437\u0440\u0430\u0431\u043e\u0442\u043a\u0430\/\u0440\u0430\u0437\u0432\u0438\u0442\u0438\u0435 \u041f\u041e Andmet\u00f6\u00f6tlus\u00a0\u2013 \u043e\u0431\u0440\u0430\u0431\u043e\u0442\u043a\u0430 \u0434\u0430\u043d\u043d\u044b\u0445 \u2013 \u0440\u0430\u0431\u043e\u0442\u0430 \u0441 \u0434\u0430\u043d\u043d\u044b\u043c\u0438 \u043f\u0440\u0438 \u043f\u043e\u043c\u043e\u0449\u0438 \u043a\u043e\u043c\u043f\u044c\u044e\u0442\u0435\u0440\u0430 \u0438 \u043f\u0435\u0440\u0435\u0432\u043e\u0434 \u0434\u0430\u043d\u043d\u044b\u0445 \u0432 \u0444\u043e\u0440\u043c\u0443 \u043f\u043e\u043d\u044f\u0442\u043d\u0443\u044e \u043a\u043e\u043c\u043f\u044c\u044e\u0442\u0435\u0440\u0443.Andmet\u00f6\u00f6tluss\u00fcsteem\u00a0\u2013 \u0441\u0438\u0441\u0442\u0435\u043c\u0430 \u043e\u0431\u0440\u0430\u0431\u043e\u0442\u043a\u0438 \u0434\u0430\u043d\u043d\u044b\u0445 \u2013 \u043f\u0435\u0440\u0441\u043e\u043d\u0430\u043b + \u043a\u043e\u043c\u043f\u044c\u044e\u0442\u0435\u0440 + \u041f\u041e \u2013 \u044d\u0442\u043e \u0441\u0438\u0441\u0442\u0435\u043c\u0430 \u043f\u043e \u043e\u0431\u0440\u0430\u0431\u043e\u0442\u043a\u0435 \u0432\u0445\u043e\u0434\u043d\u044b\u0445 \u0434\u0430\u043d\u043d\u044b\u0445 \u0440\u0430\u0437\u043b\u0438\u0447\u043d\u044b\u043c\u0438 \u043c\u0430\u0442\u0435\u043c\u0430\u0442\u0438\u0447\u0435\u0441\u043a\u0438\u043c\u0438 \u043e\u043f\u0435\u0440\u0430\u0446\u0438\u044f\u043c\u0438 \u0441 \u0446\u0435\u043b\u044c\u044e \u0441\u0434\u0435\u043b\u0430\u0442\u044c \u0438\u0437 \u043f\u043e\u043d\u044f\u0442\u043d\u044b\u043c\u0438 \u0434\u043b\u044f \u043a\u043e\u043c\u043f\u044c\u044e\u0442\u0435\u0440\u0430.Tarkvara \u2013 TA\u00a0= \u041f\u0440\u043e\u0433\u0440\u0430\u043c\u043c\u043d\u043e\u0435 \u043e\u0431\u0435\u0441\u043f\u0435\u0447\u0435\u043d\u0438\u0435 \u2013 \u041f\u041eRiistvara \u2013 \u0416\u0435\u043b\u0435\u0437\u043e\u00a0\u2013&hellip; Continue reading Tarkvaraarendus\" \/>\n<meta property=\"og:url\" content=\"https:\/\/veronikavanitseva24.thkit.ee\/wp\/tarkvaraarendus\/\" \/>\n<meta property=\"og:site_name\" content=\"Veronika Portfoolio\" \/>\n<meta property=\"article:modified_time\" content=\"2025-03-23T14:08:07+00:00\" \/>\n<meta property=\"og:image\" content=\"https:\/\/veronikavanitseva24.thkit.ee\/wp\/wp-content\/uploads\/2025\/03\/image-13.png\" \/>\n\t<meta property=\"og:image:width\" content=\"1024\" \/>\n\t<meta property=\"og:image:height\" content=\"682\" \/>\n\t<meta property=\"og:image:type\" content=\"image\/png\" \/>\n<meta name=\"twitter:card\" content=\"summary_large_image\" \/>\n<meta name=\"twitter:label1\" content=\"Est. reading time\" \/>\n\t<meta name=\"twitter:data1\" content=\"2 minutit\" \/>\n<script type=\"application\/ld+json\" class=\"yoast-schema-graph\">{\"@context\":\"https:\\\/\\\/schema.org\",\"@graph\":[{\"@type\":\"WebPage\",\"@id\":\"https:\\\/\\\/veronikavanitseva24.thkit.ee\\\/wp\\\/tarkvaraarendus\\\/\",\"url\":\"https:\\\/\\\/veronikavanitseva24.thkit.ee\\\/wp\\\/tarkvaraarendus\\\/\",\"name\":\"Tarkvaraarendus - Veronika Portfoolio\",\"isPartOf\":{\"@id\":\"https:\\\/\\\/veronikavanitseva24.thkit.ee\\\/wp\\\/#website\"},\"primaryImageOfPage\":{\"@id\":\"https:\\\/\\\/veronikavanitseva24.thkit.ee\\\/wp\\\/tarkvaraarendus\\\/#primaryimage\"},\"image\":{\"@id\":\"https:\\\/\\\/veronikavanitseva24.thkit.ee\\\/wp\\\/tarkvaraarendus\\\/#primaryimage\"},\"thumbnailUrl\":\"https:\\\/\\\/veronikavanitseva24.thkit.ee\\\/wp\\\/wp-content\\\/uploads\\\/2025\\\/03\\\/image-13.png\",\"datePublished\":\"2024-11-13T06:52:05+00:00\",\"dateModified\":\"2025-03-23T14:08:07+00:00\",\"breadcrumb\":{\"@id\":\"https:\\\/\\\/veronikavanitseva24.thkit.ee\\\/wp\\\/tarkvaraarendus\\\/#breadcrumb\"},\"inLanguage\":\"et\",\"potentialAction\":[{\"@type\":\"ReadAction\",\"target\":[\"https:\\\/\\\/veronikavanitseva24.thkit.ee\\\/wp\\\/tarkvaraarendus\\\/\"]}]},{\"@type\":\"ImageObject\",\"inLanguage\":\"et\",\"@id\":\"https:\\\/\\\/veronikavanitseva24.thkit.ee\\\/wp\\\/tarkvaraarendus\\\/#primaryimage\",\"url\":\"https:\\\/\\\/veronikavanitseva24.thkit.ee\\\/wp\\\/wp-content\\\/uploads\\\/2025\\\/03\\\/image-13.png\",\"contentUrl\":\"https:\\\/\\\/veronikavanitseva24.thkit.ee\\\/wp\\\/wp-content\\\/uploads\\\/2025\\\/03\\\/image-13.png\",\"width\":1024,\"height\":682},{\"@type\":\"BreadcrumbList\",\"@id\":\"https:\\\/\\\/veronikavanitseva24.thkit.ee\\\/wp\\\/tarkvaraarendus\\\/#breadcrumb\",\"itemListElement\":[{\"@type\":\"ListItem\",\"position\":1,\"name\":\"Home\",\"item\":\"https:\\\/\\\/veronikavanitseva24.thkit.ee\\\/wp\\\/\"},{\"@type\":\"ListItem\",\"position\":2,\"name\":\"Tarkvaraarendus\"}]},{\"@type\":\"WebSite\",\"@id\":\"https:\\\/\\\/veronikavanitseva24.thkit.ee\\\/wp\\\/#website\",\"url\":\"https:\\\/\\\/veronikavanitseva24.thkit.ee\\\/wp\\\/\",\"name\":\"Veronika Portfoolio\",\"description\":\"\",\"publisher\":{\"@id\":\"https:\\\/\\\/veronikavanitseva24.thkit.ee\\\/wp\\\/#organization\"},\"potentialAction\":[{\"@type\":\"SearchAction\",\"target\":{\"@type\":\"EntryPoint\",\"urlTemplate\":\"https:\\\/\\\/veronikavanitseva24.thkit.ee\\\/wp\\\/?s={search_term_string}\"},\"query-input\":{\"@type\":\"PropertyValueSpecification\",\"valueRequired\":true,\"valueName\":\"search_term_string\"}}],\"inLanguage\":\"et\"},{\"@type\":\"Organization\",\"@id\":\"https:\\\/\\\/veronikavanitseva24.thkit.ee\\\/wp\\\/#organization\",\"name\":\"Veronika Portfoolio\",\"url\":\"https:\\\/\\\/veronikavanitseva24.thkit.ee\\\/wp\\\/\",\"logo\":{\"@type\":\"ImageObject\",\"inLanguage\":\"et\",\"@id\":\"https:\\\/\\\/veronikavanitseva24.thkit.ee\\\/wp\\\/#\\\/schema\\\/logo\\\/image\\\/\",\"url\":\"https:\\\/\\\/veronikavanitseva24.thkit.ee\\\/wp\\\/wp-content\\\/uploads\\\/2024\\\/11\\\/cropped-image.png\",\"contentUrl\":\"https:\\\/\\\/veronikavanitseva24.thkit.ee\\\/wp\\\/wp-content\\\/uploads\\\/2024\\\/11\\\/cropped-image.png\",\"width\":1024,\"height\":341,\"caption\":\"Veronika Portfoolio\"},\"image\":{\"@id\":\"https:\\\/\\\/veronikavanitseva24.thkit.ee\\\/wp\\\/#\\\/schema\\\/logo\\\/image\\\/\"}}]}<\/script>\n<!-- \/ Yoast SEO plugin. -->","yoast_head_json":{"title":"Tarkvaraarendus - Veronika Portfoolio","robots":{"index":"index","follow":"follow","max-snippet":"max-snippet:-1","max-image-preview":"max-image-preview:large","max-video-preview":"max-video-preview:-1"},"canonical":"https:\/\/veronikavanitseva24.thkit.ee\/wp\/tarkvaraarendus\/","og_locale":"et_EE","og_type":"article","og_title":"Tarkvaraarendus - Veronika Portfoolio","og_description":"Tarkvaraarendus \u2013 \u0440\u0430\u0437\u0440\u0430\u0431\u043e\u0442\u043a\u0430\/\u0440\u0430\u0437\u0432\u0438\u0442\u0438\u0435 \u041f\u041e Andmet\u00f6\u00f6tlus\u00a0\u2013 \u043e\u0431\u0440\u0430\u0431\u043e\u0442\u043a\u0430 \u0434\u0430\u043d\u043d\u044b\u0445 \u2013 \u0440\u0430\u0431\u043e\u0442\u0430 \u0441 \u0434\u0430\u043d\u043d\u044b\u043c\u0438 \u043f\u0440\u0438 \u043f\u043e\u043c\u043e\u0449\u0438 \u043a\u043e\u043c\u043f\u044c\u044e\u0442\u0435\u0440\u0430 \u0438 \u043f\u0435\u0440\u0435\u0432\u043e\u0434 \u0434\u0430\u043d\u043d\u044b\u0445 \u0432 \u0444\u043e\u0440\u043c\u0443 \u043f\u043e\u043d\u044f\u0442\u043d\u0443\u044e \u043a\u043e\u043c\u043f\u044c\u044e\u0442\u0435\u0440\u0443.Andmet\u00f6\u00f6tluss\u00fcsteem\u00a0\u2013 \u0441\u0438\u0441\u0442\u0435\u043c\u0430 \u043e\u0431\u0440\u0430\u0431\u043e\u0442\u043a\u0438 \u0434\u0430\u043d\u043d\u044b\u0445 \u2013 \u043f\u0435\u0440\u0441\u043e\u043d\u0430\u043b + \u043a\u043e\u043c\u043f\u044c\u044e\u0442\u0435\u0440 + \u041f\u041e \u2013 \u044d\u0442\u043e \u0441\u0438\u0441\u0442\u0435\u043c\u0430 \u043f\u043e \u043e\u0431\u0440\u0430\u0431\u043e\u0442\u043a\u0435 \u0432\u0445\u043e\u0434\u043d\u044b\u0445 \u0434\u0430\u043d\u043d\u044b\u0445 \u0440\u0430\u0437\u043b\u0438\u0447\u043d\u044b\u043c\u0438 \u043c\u0430\u0442\u0435\u043c\u0430\u0442\u0438\u0447\u0435\u0441\u043a\u0438\u043c\u0438 \u043e\u043f\u0435\u0440\u0430\u0446\u0438\u044f\u043c\u0438 \u0441 \u0446\u0435\u043b\u044c\u044e \u0441\u0434\u0435\u043b\u0430\u0442\u044c \u0438\u0437 \u043f\u043e\u043d\u044f\u0442\u043d\u044b\u043c\u0438 \u0434\u043b\u044f \u043a\u043e\u043c\u043f\u044c\u044e\u0442\u0435\u0440\u0430.Tarkvara \u2013 TA\u00a0= \u041f\u0440\u043e\u0433\u0440\u0430\u043c\u043c\u043d\u043e\u0435 \u043e\u0431\u0435\u0441\u043f\u0435\u0447\u0435\u043d\u0438\u0435 \u2013 \u041f\u041eRiistvara \u2013 \u0416\u0435\u043b\u0435\u0437\u043e\u00a0\u2013&hellip; Continue reading Tarkvaraarendus","og_url":"https:\/\/veronikavanitseva24.thkit.ee\/wp\/tarkvaraarendus\/","og_site_name":"Veronika Portfoolio","article_modified_time":"2025-03-23T14:08:07+00:00","og_image":[{"width":1024,"height":682,"url":"https:\/\/veronikavanitseva24.thkit.ee\/wp\/wp-content\/uploads\/2025\/03\/image-13.png","type":"image\/png"}],"twitter_card":"summary_large_image","twitter_misc":{"Est. reading time":"2 minutit"},"schema":{"@context":"https:\/\/schema.org","@graph":[{"@type":"WebPage","@id":"https:\/\/veronikavanitseva24.thkit.ee\/wp\/tarkvaraarendus\/","url":"https:\/\/veronikavanitseva24.thkit.ee\/wp\/tarkvaraarendus\/","name":"Tarkvaraarendus - Veronika Portfoolio","isPartOf":{"@id":"https:\/\/veronikavanitseva24.thkit.ee\/wp\/#website"},"primaryImageOfPage":{"@id":"https:\/\/veronikavanitseva24.thkit.ee\/wp\/tarkvaraarendus\/#primaryimage"},"image":{"@id":"https:\/\/veronikavanitseva24.thkit.ee\/wp\/tarkvaraarendus\/#primaryimage"},"thumbnailUrl":"https:\/\/veronikavanitseva24.thkit.ee\/wp\/wp-content\/uploads\/2025\/03\/image-13.png","datePublished":"2024-11-13T06:52:05+00:00","dateModified":"2025-03-23T14:08:07+00:00","breadcrumb":{"@id":"https:\/\/veronikavanitseva24.thkit.ee\/wp\/tarkvaraarendus\/#breadcrumb"},"inLanguage":"et","potentialAction":[{"@type":"ReadAction","target":["https:\/\/veronikavanitseva24.thkit.ee\/wp\/tarkvaraarendus\/"]}]},{"@type":"ImageObject","inLanguage":"et","@id":"https:\/\/veronikavanitseva24.thkit.ee\/wp\/tarkvaraarendus\/#primaryimage","url":"https:\/\/veronikavanitseva24.thkit.ee\/wp\/wp-content\/uploads\/2025\/03\/image-13.png","contentUrl":"https:\/\/veronikavanitseva24.thkit.ee\/wp\/wp-content\/uploads\/2025\/03\/image-13.png","width":1024,"height":682},{"@type":"BreadcrumbList","@id":"https:\/\/veronikavanitseva24.thkit.ee\/wp\/tarkvaraarendus\/#breadcrumb","itemListElement":[{"@type":"ListItem","position":1,"name":"Home","item":"https:\/\/veronikavanitseva24.thkit.ee\/wp\/"},{"@type":"ListItem","position":2,"name":"Tarkvaraarendus"}]},{"@type":"WebSite","@id":"https:\/\/veronikavanitseva24.thkit.ee\/wp\/#website","url":"https:\/\/veronikavanitseva24.thkit.ee\/wp\/","name":"Veronika Portfoolio","description":"","publisher":{"@id":"https:\/\/veronikavanitseva24.thkit.ee\/wp\/#organization"},"potentialAction":[{"@type":"SearchAction","target":{"@type":"EntryPoint","urlTemplate":"https:\/\/veronikavanitseva24.thkit.ee\/wp\/?s={search_term_string}"},"query-input":{"@type":"PropertyValueSpecification","valueRequired":true,"valueName":"search_term_string"}}],"inLanguage":"et"},{"@type":"Organization","@id":"https:\/\/veronikavanitseva24.thkit.ee\/wp\/#organization","name":"Veronika Portfoolio","url":"https:\/\/veronikavanitseva24.thkit.ee\/wp\/","logo":{"@type":"ImageObject","inLanguage":"et","@id":"https:\/\/veronikavanitseva24.thkit.ee\/wp\/#\/schema\/logo\/image\/","url":"https:\/\/veronikavanitseva24.thkit.ee\/wp\/wp-content\/uploads\/2024\/11\/cropped-image.png","contentUrl":"https:\/\/veronikavanitseva24.thkit.ee\/wp\/wp-content\/uploads\/2024\/11\/cropped-image.png","width":1024,"height":341,"caption":"Veronika Portfoolio"},"image":{"@id":"https:\/\/veronikavanitseva24.thkit.ee\/wp\/#\/schema\/logo\/image\/"}}]}},"_links":{"self":[{"href":"https:\/\/veronikavanitseva24.thkit.ee\/wp\/wp-json\/wp\/v2\/pages\/165","targetHints":{"allow":["GET"]}}],"collection":[{"href":"https:\/\/veronikavanitseva24.thkit.ee\/wp\/wp-json\/wp\/v2\/pages"}],"about":[{"href":"https:\/\/veronikavanitseva24.thkit.ee\/wp\/wp-json\/wp\/v2\/types\/page"}],"author":[{"embeddable":true,"href":"https:\/\/veronikavanitseva24.thkit.ee\/wp\/wp-json\/wp\/v2\/users\/1"}],"replies":[{"embeddable":true,"href":"https:\/\/veronikavanitseva24.thkit.ee\/wp\/wp-json\/wp\/v2\/comments?post=165"}],"version-history":[{"count":7,"href":"https:\/\/veronikavanitseva24.thkit.ee\/wp\/wp-json\/wp\/v2\/pages\/165\/revisions"}],"predecessor-version":[{"id":612,"href":"https:\/\/veronikavanitseva24.thkit.ee\/wp\/wp-json\/wp\/v2\/pages\/165\/revisions\/612"}],"wp:attachment":[{"href":"https:\/\/veronikavanitseva24.thkit.ee\/wp\/wp-json\/wp\/v2\/media?parent=165"}],"curies":[{"name":"wp","href":"https:\/\/api.w.org\/{rel}","templated":true}]}}